{"id":7,"date":"2024-05-09T07:51:01","date_gmt":"2024-05-09T07:51:01","guid":{"rendered":"https:\/\/nascanna.com\/?page_id=7"},"modified":"2024-06-18T10:57:09","modified_gmt":"2024-06-18T10:57:09","slug":"home","status":"publish","type":"page","link":"https:\/\/nascanna.com\/en\/","title":{"rendered":"Home"},"content":{"rendered":"<div data-elementor-type=\"wp-page\" data-elementor-id=\"7\" class=\"elementor elementor-7\">\n\t\t\t\t<div class=\"elementor-element elementor-element-5794c33a e-flex e-con-boxed e-con e-parent\" data-id=\"5794c33a\" data-element_type=\"container\" data-settings=\"{&quot;background_background&quot;:&quot;classic&quot;}\">\n\t\t\t\t\t<div class=\"e-con-inner\">\n\t\t<div class=\"elementor-element elementor-element-6ad1b4d1 e-con-full e-flex e-con e-child\" data-id=\"6ad1b4d1\" data-element_type=\"container\" data-settings=\"{&quot;background_background&quot;:&quot;classic&quot;}\">\n\t\t\t\t<div class=\"elementor-element elementor-element-38b93eb0 elementor-widget elementor-widget-image\" data-id=\"38b93eb0\" data-element_type=\"widget\" data-widget_type=\"image.default\">\n\t\t\t\t<div class=\"elementor-widget-container\">\n\t\t\t<style>\/*! elementor - v3.22.0 - 26-06-2024 *\/\n.elementor-widget-image{text-align:center}.elementor-widget-image a{display:inline-block}.elementor-widget-image a img[src$=\".svg\"]{width:48px}.elementor-widget-image img{vertical-align:middle;display:inline-block}<\/style>\t\t\t\t\t\t\t\t\t\t<img fetchpriority=\"high\" decoding=\"async\" width=\"450\" height=\"127\" src=\"https:\/\/nascanna.com\/wp-content\/uploads\/2024\/05\/0-removebg-preview.png\" class=\"attachment-large size-large wp-image-10\" alt=\"\" srcset=\"https:\/\/nascanna.com\/wp-content\/uploads\/2024\/05\/0-removebg-preview.png 450w, https:\/\/nascanna.com\/wp-content\/uploads\/2024\/05\/0-removebg-preview-300x85.png 300w\" sizes=\"(max-width: 450px) 100vw, 450px\" \/>\t\t\t\t\t\t\t\t\t\t\t\t\t<\/div>\n\t\t\t\t<\/div>\n\t\t\t\t<div class=\"elementor-element elementor-element-2e5c23b4 elementor-widget elementor-widget-text-editor\" data-id=\"2e5c23b4\" data-element_type=\"widget\" data-widget_type=\"text-editor.default\">\n\t\t\t\t<div class=\"elementor-widget-container\">\n\t\t\t<style>\/*! elementor - v3.22.0 - 26-06-2024 *\/\n.elementor-widget-text-editor.elementor-drop-cap-view-stacked .elementor-drop-cap{background-color:#69727d;color:#fff}.elementor-widget-text-editor.elementor-drop-cap-view-framed .elementor-drop-cap{color:#69727d;border:3px solid;background-color:transparent}.elementor-widget-text-editor:not(.elementor-drop-cap-view-default) .elementor-drop-cap{margin-top:8px}.elementor-widget-text-editor:not(.elementor-drop-cap-view-default) .elementor-drop-cap-letter{width:1em;height:1em}.elementor-widget-text-editor .elementor-drop-cap{float:left;text-align:center;line-height:1;font-size:50px}.elementor-widget-text-editor .elementor-drop-cap-letter{display:inline-block}<\/style>\t\t\t\t<p class=\" translation-block\"><strong>nascanna.com<\/strong> is a business unit of <strong>D\u00farud Teoranta<\/strong> and its aim is to promote the Irish language in the field of IT.<\/p><p>Some of the projects we are currently working on are:<\/p>\t\t\t\t\t\t<\/div>\n\t\t\t\t<\/div>\n\t\t\t\t<div class=\"elementor-element elementor-element-734bed4c elementor-widget elementor-widget-text-editor\" data-id=\"734bed4c\" data-element_type=\"widget\" data-widget_type=\"text-editor.default\">\n\t\t\t\t<div class=\"elementor-widget-container\">\n\t\t\t\t\t\t\t<ul><li><em>Promotion of general IT facilities in Irish<\/em><\/li><\/ul>\t\t\t\t\t\t<\/div>\n\t\t\t\t<\/div>\n\t\t\t\t<div class=\"elementor-element elementor-element-a24b94a elementor-widget elementor-widget-text-editor\" data-id=\"a24b94a\" data-element_type=\"widget\" data-widget_type=\"text-editor.default\">\n\t\t\t\t<div class=\"elementor-widget-container\">\n\t\t\t\t\t\t\t<ul><li><em>Promotion of IT facilities focused on the Irish language itself<\/em><\/li><\/ul>\t\t\t\t\t\t<\/div>\n\t\t\t\t<\/div>\n\t\t\t\t<div class=\"elementor-element elementor-element-2a079026 elementor-widget elementor-widget-text-editor\" data-id=\"2a079026\" data-element_type=\"widget\" data-widget_type=\"text-editor.default\">\n\t\t\t\t<div class=\"elementor-widget-container\">\n\t\t\t\t\t\t\t<ul><li><em>Provision of application specific IT equipment<\/em><\/li><\/ul>\t\t\t\t\t\t<\/div>\n\t\t\t\t<\/div>\n\t\t\t\t<\/div>\n\t\t\t\t\t<\/div>\n\t\t\t\t<\/div>\n\t\t<div class=\"elementor-element elementor-element-102bc537 e-flex e-con-boxed e-con e-parent\" data-id=\"102bc537\" data-element_type=\"container\" data-settings=\"{&quot;background_background&quot;:&quot;classic&quot;}\">\n\t\t\t\t\t<div class=\"e-con-inner\">\n\t\t\t\t<div class=\"elementor-element elementor-element-4e180ac0 elementor-align-center elementor-widget elementor-widget-button\" data-id=\"4e180ac0\" data-element_type=\"widget\" data-widget_type=\"button.default\">\n\t\t\t\t<div class=\"elementor-widget-container\">\n\t\t\t\t\t<div class=\"elementor-button-wrapper\">\n\t\t\t<a class=\"elementor-button elementor-button-link elementor-size-sm\" href=\"https:\/\/nascanna.com\/en\/mearchlar\/\">\n\t\t\t\t\t\t<span class=\"elementor-button-content-wrapper\">\n\t\t\t\t\t\t\t\t\t<span class=\"elementor-button-text\">Keyboard<\/span>\n\t\t\t\t\t<\/span>\n\t\t\t\t\t<\/a>\n\t\t<\/div>\n\t\t\t\t<\/div>\n\t\t\t\t<\/div>\n\t\t\t\t<div class=\"elementor-element elementor-element-29f8ddb4 elementor-widget elementor-widget-image\" data-id=\"29f8ddb4\" data-element_type=\"widget\" data-widget_type=\"image.default\">\n\t\t\t\t<div class=\"elementor-widget-container\">\n\t\t\t\t\t\t\t\t\t\t\t\t\t\t<a href=\"https:\/\/nascanna.com\/en\/mearchlar\/\">\n\t\t\t\t\t\t\t<img decoding=\"async\" width=\"1024\" height=\"337\" src=\"https:\/\/nascanna.com\/wp-content\/uploads\/2024\/06\/mearchlar_B-1024x337.jpg\" class=\"attachment-large size-large wp-image-315\" alt=\"\" srcset=\"https:\/\/nascanna.com\/wp-content\/uploads\/2024\/06\/mearchlar_B-1024x337.jpg 1024w, https:\/\/nascanna.com\/wp-content\/uploads\/2024\/06\/mearchlar_B-300x99.jpg 300w, https:\/\/nascanna.com\/wp-content\/uploads\/2024\/06\/mearchlar_B-768x253.jpg 768w, https:\/\/nascanna.com\/wp-content\/uploads\/2024\/06\/mearchlar_B-1536x506.jpg 1536w, https:\/\/nascanna.com\/wp-content\/uploads\/2024\/06\/mearchlar_B-2048x675.jpg 2048w, https:\/\/nascanna.com\/wp-content\/uploads\/2024\/06\/mearchlar_B-18x6.jpg 18w\" sizes=\"(max-width: 1024px) 100vw, 1024px\" \/>\t\t\t\t\t\t\t\t<\/a>\n\t\t\t\t\t\t\t\t\t\t\t\t\t<\/div>\n\t\t\t\t<\/div>\n\t\t\t\t<div class=\"elementor-element elementor-element-d851e1e elementor-widget elementor-widget-text-editor\" data-id=\"d851e1e\" data-element_type=\"widget\" data-widget_type=\"text-editor.default\">\n\t\t\t\t<div class=\"elementor-widget-container\">\n\t\t\t\t\t\t\t<p class=\" translation-block\">One of the devices available from <strong>D\u00farud<\/strong> is the first computer keyboard ever created <strong>for the Irish language itself<\/strong>, which has separate buttons for accented vowels, making writing Irish much more convenient. Say goodbye to <strong><em>AltGr<\/em> <\/strong> and all the finger gymnastics that goes with it!<\/p>\t\t\t\t\t\t<\/div>\n\t\t\t\t<\/div>\n\t\t\t\t\t<\/div>\n\t\t\t\t<\/div>\n\t\t\t\t<\/div>","protected":false},"excerpt":{"rendered":"<p>Aonad gn\u00f3 de chuid D\u00farud Teoranta is ea nascanna.com agus \u00e9 mar sprioc aige an Ghaeilge a chur chun cinn [&hellip;]<\/p>","protected":false},"author":1,"featured_media":76,"parent":0,"menu_order":0,"comment_status":"closed","ping_status":"closed","template":"","meta":{"site-sidebar-layout":"no-sidebar","site-content-layout":"","ast-site-content-layout":"full-width-container","site-content-style":"default","site-sidebar-style":"default","ast-global-header-display":"disabled","ast-banner-title-visibility":"","ast-main-header-display":"","ast-hfb-above-header-display":"","ast-hfb-below-header-display":"","ast-hfb-mobile-header-display":"","site-post-title":"disabled","ast-breadcrumbs-content":"","ast-featured-img":"disabled","footer-sml-layout":"","theme-transparent-header-meta":"","adv-header-id-meta":"","stick-header-meta":"","header-above-stick-meta":"","header-main-stick-meta":"","header-below-stick-meta":"","astra-migrate-meta-layouts":"default","ast-page-background-enabled":"default","ast-page-background-meta":{"desktop":{"background-color":"var(--ast-global-color-4)","background-image":"","background-repeat":"repeat","background-position":"center center","background-size":"auto","background-attachment":"scroll","background-type":"","background-media":"","overlay-type":"","overlay-color":"","overlay-opacity":"","overlay-gradient":""},"tablet":{"background-color":"","background-image":"","background-repeat":"repeat","background-position":"center center","background-size":"auto","background-attachment":"scroll","background-type":"","background-media":"","overlay-type":"","overlay-color":"","overlay-opacity":"","overlay-gradient":""},"mobile":{"background-color":"","background-image":"","background-repeat":"repeat","background-position":"center center","background-size":"auto","background-attachment":"scroll","background-type":"","background-media":"","overlay-type":"","overlay-color":"","overlay-opacity":"","overlay-gradient":""}},"ast-content-background-meta":{"desktop":{"background-color":"var(--ast-global-color-5)","background-image":"","background-repeat":"repeat","background-position":"center center","background-size":"auto","background-attachment":"scroll","background-type":"","background-media":"","overlay-type":"","overlay-color":"","overlay-opacity":"","overlay-gradient":""},"tablet":{"background-color":"var(--ast-global-color-5)","background-image":"","background-repeat":"repeat","background-position":"center center","background-size":"auto","background-attachment":"scroll","background-type":"","background-media":"","overlay-type":"","overlay-color":"","overlay-opacity":"","overlay-gradient":""},"mobile":{"background-color":"var(--ast-global-color-5)","background-image":"","background-repeat":"repeat","background-position":"center center","background-size":"auto","background-attachment":"scroll","background-type":"","background-media":"","overlay-type":"","overlay-color":"","overlay-opacity":"","overlay-gradient":""}},"footnotes":""},"yoast_head":"<!-- This site is optimized with the Yoast SEO plugin v23.0 - https:\/\/yoast.com\/wordpress\/plugins\/seo\/ -->\n<title>Home - nascanna<\/title>\n<meta name=\"robots\" content=\"index, follow, max-snippet:-1, max-image-preview:large, max-video-preview:-1\" \/>\n<link rel=\"canonical\" href=\"https:\/\/nascanna.com\/en\/\" \/>\n<meta property=\"og:locale\" content=\"en_US\" \/>\n<meta property=\"og:type\" content=\"article\" \/>\n<meta property=\"og:title\" content=\"Home - nascanna\" \/>\n<meta property=\"og:description\" content=\"Aonad gn\u00f3 de chuid D\u00farud Teoranta is ea nascanna.com agus \u00e9 mar sprioc aige an Ghaeilge a chur chun cinn [&hellip;]\" \/>\n<meta property=\"og:url\" content=\"https:\/\/nascanna.com\/en\/\" \/>\n<meta property=\"og:site_name\" content=\"nascanna\" \/>\n<meta property=\"article:modified_time\" content=\"2024-06-18T10:57:09+00:00\" \/>\n<meta property=\"og:image\" content=\"https:\/\/nascanna.com\/wp-content\/uploads\/2024\/05\/Nascanna-Logo_N.jpg\" \/>\n\t<meta property=\"og:image:width\" content=\"182\" \/>\n\t<meta property=\"og:image:height\" content=\"175\" \/>\n\t<meta property=\"og:image:type\" content=\"image\/jpeg\" \/>\n<meta name=\"twitter:card\" content=\"summary_large_image\" \/>\n<meta name=\"twitter:label1\" content=\"Est. reading time\" \/>\n\t<meta name=\"twitter:data1\" content=\"1 minute\" \/>\n<script type=\"application\/ld+json\" class=\"yoast-schema-graph\">{\"@context\":\"https:\/\/schema.org\",\"@graph\":[{\"@type\":\"WebPage\",\"@id\":\"https:\/\/nascanna.com\/\",\"url\":\"https:\/\/nascanna.com\/\",\"name\":\"Home - nascanna\",\"isPartOf\":{\"@id\":\"https:\/\/nascanna.com\/#website\"},\"primaryImageOfPage\":{\"@id\":\"https:\/\/nascanna.com\/#primaryimage\"},\"image\":{\"@id\":\"https:\/\/nascanna.com\/#primaryimage\"},\"thumbnailUrl\":\"https:\/\/nascanna.com\/wp-content\/uploads\/2024\/05\/Nascanna-Logo_N.jpg\",\"datePublished\":\"2024-05-09T07:51:01+00:00\",\"dateModified\":\"2024-06-18T10:57:09+00:00\",\"breadcrumb\":{\"@id\":\"https:\/\/nascanna.com\/#breadcrumb\"},\"inLanguage\":\"en-US\",\"potentialAction\":[{\"@type\":\"ReadAction\",\"target\":[\"https:\/\/nascanna.com\/\"]}]},{\"@type\":\"ImageObject\",\"inLanguage\":\"en-US\",\"@id\":\"https:\/\/nascanna.com\/#primaryimage\",\"url\":\"https:\/\/nascanna.com\/wp-content\/uploads\/2024\/05\/Nascanna-Logo_N.jpg\",\"contentUrl\":\"https:\/\/nascanna.com\/wp-content\/uploads\/2024\/05\/Nascanna-Logo_N.jpg\",\"width\":182,\"height\":175},{\"@type\":\"BreadcrumbList\",\"@id\":\"https:\/\/nascanna.com\/#breadcrumb\",\"itemListElement\":[{\"@type\":\"ListItem\",\"position\":1,\"name\":\"Home\",\"item\":\"https:\/\/nascanna.com\/\"},{\"@type\":\"ListItem\",\"position\":2,\"name\":\"Home\"}]},{\"@type\":\"WebSite\",\"@id\":\"https:\/\/nascanna.com\/#website\",\"url\":\"https:\/\/nascanna.com\/\",\"name\":\"nascanna\",\"description\":\"\",\"publisher\":{\"@id\":\"https:\/\/nascanna.com\/#organization\"},\"potentialAction\":[{\"@type\":\"SearchAction\",\"target\":{\"@type\":\"EntryPoint\",\"urlTemplate\":\"https:\/\/nascanna.com\/?s={search_term_string}\"},\"query-input\":\"required name=search_term_string\"}],\"inLanguage\":\"en-US\"},{\"@type\":\"Organization\",\"@id\":\"https:\/\/nascanna.com\/#organization\",\"name\":\"nascanna\",\"url\":\"https:\/\/nascanna.com\/\",\"logo\":{\"@type\":\"ImageObject\",\"inLanguage\":\"en-US\",\"@id\":\"https:\/\/nascanna.com\/#\/schema\/logo\/image\/\",\"url\":\"https:\/\/nascanna.com\/wp-content\/uploads\/2024\/05\/Nascanna-Logo_N.jpg\",\"contentUrl\":\"https:\/\/nascanna.com\/wp-content\/uploads\/2024\/05\/Nascanna-Logo_N.jpg\",\"width\":182,\"height\":175,\"caption\":\"nascanna\"},\"image\":{\"@id\":\"https:\/\/nascanna.com\/#\/schema\/logo\/image\/\"}}]}<\/script>\n<!-- \/ Yoast SEO plugin. -->","yoast_head_json":{"title":"Home - nascanna","robots":{"index":"index","follow":"follow","max-snippet":"max-snippet:-1","max-image-preview":"max-image-preview:large","max-video-preview":"max-video-preview:-1"},"canonical":"https:\/\/nascanna.com\/en\/","og_locale":"en_US","og_type":"article","og_title":"Home - nascanna","og_description":"Aonad gn\u00f3 de chuid D\u00farud Teoranta is ea nascanna.com agus \u00e9 mar sprioc aige an Ghaeilge a chur chun cinn [&hellip;]","og_url":"https:\/\/nascanna.com\/en\/","og_site_name":"nascanna","article_modified_time":"2024-06-18T10:57:09+00:00","og_image":[{"width":182,"height":175,"url":"https:\/\/nascanna.com\/wp-content\/uploads\/2024\/05\/Nascanna-Logo_N.jpg","type":"image\/jpeg"}],"twitter_card":"summary_large_image","twitter_misc":{"Est. reading time":"1 minute"},"schema":{"@context":"https:\/\/schema.org","@graph":[{"@type":"WebPage","@id":"https:\/\/nascanna.com\/","url":"https:\/\/nascanna.com\/","name":"Home - nascanna","isPartOf":{"@id":"https:\/\/nascanna.com\/#website"},"primaryImageOfPage":{"@id":"https:\/\/nascanna.com\/#primaryimage"},"image":{"@id":"https:\/\/nascanna.com\/#primaryimage"},"thumbnailUrl":"https:\/\/nascanna.com\/wp-content\/uploads\/2024\/05\/Nascanna-Logo_N.jpg","datePublished":"2024-05-09T07:51:01+00:00","dateModified":"2024-06-18T10:57:09+00:00","breadcrumb":{"@id":"https:\/\/nascanna.com\/#breadcrumb"},"inLanguage":"en-US","potentialAction":[{"@type":"ReadAction","target":["https:\/\/nascanna.com\/"]}]},{"@type":"ImageObject","inLanguage":"en-US","@id":"https:\/\/nascanna.com\/#primaryimage","url":"https:\/\/nascanna.com\/wp-content\/uploads\/2024\/05\/Nascanna-Logo_N.jpg","contentUrl":"https:\/\/nascanna.com\/wp-content\/uploads\/2024\/05\/Nascanna-Logo_N.jpg","width":182,"height":175},{"@type":"BreadcrumbList","@id":"https:\/\/nascanna.com\/#breadcrumb","itemListElement":[{"@type":"ListItem","position":1,"name":"Home","item":"https:\/\/nascanna.com\/"},{"@type":"ListItem","position":2,"name":"Home"}]},{"@type":"WebSite","@id":"https:\/\/nascanna.com\/#website","url":"https:\/\/nascanna.com\/","name":"nascanna","description":"","publisher":{"@id":"https:\/\/nascanna.com\/#organization"},"potentialAction":[{"@type":"SearchAction","target":{"@type":"EntryPoint","urlTemplate":"https:\/\/nascanna.com\/?s={search_term_string}"},"query-input":"required name=search_term_string"}],"inLanguage":"en-US"},{"@type":"Organization","@id":"https:\/\/nascanna.com\/#organization","name":"nascanna","url":"https:\/\/nascanna.com\/","logo":{"@type":"ImageObject","inLanguage":"en-US","@id":"https:\/\/nascanna.com\/#\/schema\/logo\/image\/","url":"https:\/\/nascanna.com\/wp-content\/uploads\/2024\/05\/Nascanna-Logo_N.jpg","contentUrl":"https:\/\/nascanna.com\/wp-content\/uploads\/2024\/05\/Nascanna-Logo_N.jpg","width":182,"height":175,"caption":"nascanna"},"image":{"@id":"https:\/\/nascanna.com\/#\/schema\/logo\/image\/"}}]}},"_links":{"self":[{"href":"https:\/\/nascanna.com\/en\/wp-json\/wp\/v2\/pages\/7"}],"collection":[{"href":"https:\/\/nascanna.com\/en\/wp-json\/wp\/v2\/pages"}],"about":[{"href":"https:\/\/nascanna.com\/en\/wp-json\/wp\/v2\/types\/page"}],"author":[{"embeddable":true,"href":"https:\/\/nascanna.com\/en\/wp-json\/wp\/v2\/users\/1"}],"replies":[{"embeddable":true,"href":"https:\/\/nascanna.com\/en\/wp-json\/wp\/v2\/comments?post=7"}],"version-history":[{"count":78,"href":"https:\/\/nascanna.com\/en\/wp-json\/wp\/v2\/pages\/7\/revisions"}],"predecessor-version":[{"id":318,"href":"https:\/\/nascanna.com\/en\/wp-json\/wp\/v2\/pages\/7\/revisions\/318"}],"wp:featuredmedia":[{"embeddable":true,"href":"https:\/\/nascanna.com\/en\/wp-json\/wp\/v2\/media\/76"}],"wp:attachment":[{"href":"https:\/\/nascanna.com\/en\/wp-json\/wp\/v2\/media?parent=7"}],"curies":[{"name":"wp","href":"https:\/\/api.w.org\/{rel}","templated":true}]}}