{"id":246,"date":"2024-06-17T05:44:08","date_gmt":"2024-06-17T05:44:08","guid":{"rendered":"https:\/\/nascanna.com\/home-english\/"},"modified":"2024-06-17T09:33:04","modified_gmt":"2024-06-17T09:33:04","slug":"home-english","status":"publish","type":"page","link":"https:\/\/nascanna.com\/en\/home-english\/","title":{"rendered":"Home &#8211; English"},"content":{"rendered":"<div data-elementor-type=\"wp-page\" data-elementor-id=\"246\" class=\"elementor elementor-246\">\n\t\t\t\t<div class=\"elementor-element elementor-element-c4f485f e-flex e-con-boxed e-con e-parent\" data-id=\"c4f485f\" data-element_type=\"container\">\n\t\t\t\t\t<div class=\"e-con-inner\">\n\t\t<div class=\"elementor-element elementor-element-81ca450 e-con-full e-flex e-con e-child\" data-id=\"81ca450\" data-element_type=\"container\">\n\t\t<div class=\"elementor-element elementor-element-0830a69 e-con-full e-flex e-con e-child\" data-id=\"0830a69\" data-element_type=\"container\">\n\t\t\t\t<div class=\"elementor-element elementor-element-79d2ebe elementor-widget elementor-widget-button\" data-id=\"79d2ebe\" data-element_type=\"widget\" data-widget_type=\"button.default\">\n\t\t\t\t<div class=\"elementor-widget-container\">\n\t\t\t\t\t<div class=\"elementor-button-wrapper\">\n\t\t\t<a class=\"elementor-button elementor-button-link elementor-size-sm\" href=\"https:\/\/nascanna.com\/en\/home-english\/\">\n\t\t\t\t\t\t<span class=\"elementor-button-content-wrapper\">\n\t\t\t\t\t\t\t\t\t<span class=\"elementor-button-text\">English<\/span>\n\t\t\t\t\t<\/span>\n\t\t\t\t\t<\/a>\n\t\t<\/div>\n\t\t\t\t<\/div>\n\t\t\t\t<\/div>\n\t\t\t\t<\/div>\n\t\t\t\t<\/div>\n\t\t\t\t\t<\/div>\n\t\t\t\t<\/div>\n\t\t<div class=\"elementor-element elementor-element-4eb4a36 e-con-full e-flex e-con e-parent\" data-id=\"4eb4a36\" data-element_type=\"container\">\n\t\t<div class=\"elementor-element elementor-element-0f36435 e-con-full e-flex e-con e-child\" data-id=\"0f36435\" data-element_type=\"container\" data-settings=\"{&quot;background_background&quot;:&quot;classic&quot;}\">\n\t\t<div class=\"elementor-element elementor-element-4fcd035 e-con-full e-flex e-con e-child\" data-id=\"4fcd035\" data-element_type=\"container\" data-settings=\"{&quot;background_background&quot;:&quot;classic&quot;}\">\n\t\t\t\t<div class=\"elementor-element elementor-element-b1101be elementor-widget elementor-widget-image\" data-id=\"b1101be\" data-element_type=\"widget\" data-widget_type=\"image.default\">\n\t\t\t\t<div class=\"elementor-widget-container\">\n\t\t\t<style>\/*! elementor - v3.22.0 - 26-06-2024 *\/\n.elementor-widget-image{text-align:center}.elementor-widget-image a{display:inline-block}.elementor-widget-image a img[src$=\".svg\"]{width:48px}.elementor-widget-image img{vertical-align:middle;display:inline-block}<\/style>\t\t\t\t\t\t\t\t\t\t<img fetchpriority=\"high\" decoding=\"async\" width=\"450\" height=\"127\" src=\"https:\/\/nascanna.com\/wp-content\/uploads\/2024\/05\/0-removebg-preview.png\" class=\"attachment-large size-large wp-image-10\" alt=\"\" srcset=\"https:\/\/nascanna.com\/wp-content\/uploads\/2024\/05\/0-removebg-preview.png 450w, https:\/\/nascanna.com\/wp-content\/uploads\/2024\/05\/0-removebg-preview-300x85.png 300w\" sizes=\"(max-width: 450px) 100vw, 450px\" \/>\t\t\t\t\t\t\t\t\t\t\t\t\t<\/div>\n\t\t\t\t<\/div>\n\t\t\t\t<div class=\"elementor-element elementor-element-6562a8b elementor-widget elementor-widget-text-editor\" data-id=\"6562a8b\" data-element_type=\"widget\" data-widget_type=\"text-editor.default\">\n\t\t\t\t<div class=\"elementor-widget-container\">\n\t\t\t<style>\/*! elementor - v3.22.0 - 26-06-2024 *\/\n.elementor-widget-text-editor.elementor-drop-cap-view-stacked .elementor-drop-cap{background-color:#69727d;color:#fff}.elementor-widget-text-editor.elementor-drop-cap-view-framed .elementor-drop-cap{color:#69727d;border:3px solid;background-color:transparent}.elementor-widget-text-editor:not(.elementor-drop-cap-view-default) .elementor-drop-cap{margin-top:8px}.elementor-widget-text-editor:not(.elementor-drop-cap-view-default) .elementor-drop-cap-letter{width:1em;height:1em}.elementor-widget-text-editor .elementor-drop-cap{float:left;text-align:center;line-height:1;font-size:50px}.elementor-widget-text-editor .elementor-drop-cap-letter{display:inline-block}<\/style>\t\t\t\t<p class=\" translation-block\"><strong>nascanna.com<\/strong> is a business unit of <strong>D\u00farud Teoranta<\/strong> and its aim is to promote the Irish language in the field of IT.<\/p><p>Some of the projects we are currently working on are:<\/p>\t\t\t\t\t\t<\/div>\n\t\t\t\t<\/div>\n\t\t\t\t<div class=\"elementor-element elementor-element-e09159a elementor-widget elementor-widget-text-editor\" data-id=\"e09159a\" data-element_type=\"widget\" data-widget_type=\"text-editor.default\">\n\t\t\t\t<div class=\"elementor-widget-container\">\n\t\t\t\t\t\t\t<ul><li><em>Promotion of general IT facilities in Irish<\/em><\/li><\/ul>\t\t\t\t\t\t<\/div>\n\t\t\t\t<\/div>\n\t\t\t\t<div class=\"elementor-element elementor-element-c8e7549 elementor-widget elementor-widget-text-editor\" data-id=\"c8e7549\" data-element_type=\"widget\" data-widget_type=\"text-editor.default\">\n\t\t\t\t<div class=\"elementor-widget-container\">\n\t\t\t\t\t\t\t<ul><li><em>Promotion of IT facilities focused on the Irish language itself<\/em><\/li><\/ul>\t\t\t\t\t\t<\/div>\n\t\t\t\t<\/div>\n\t\t\t\t<div class=\"elementor-element elementor-element-63f1049 elementor-widget elementor-widget-text-editor\" data-id=\"63f1049\" data-element_type=\"widget\" data-widget_type=\"text-editor.default\">\n\t\t\t\t<div class=\"elementor-widget-container\">\n\t\t\t\t\t\t\t<ul><li><em>Provision of application specific IT equipment<\/em><\/li><\/ul>\t\t\t\t\t\t<\/div>\n\t\t\t\t<\/div>\n\t\t\t\t<\/div>\n\t\t\t\t<\/div>\n\t\t\t\t<\/div>\n\t\t<div class=\"elementor-element elementor-element-c739543 e-con-full e-flex e-con e-parent\" data-id=\"c739543\" data-element_type=\"container\">\n\t\t<div class=\"elementor-element elementor-element-c4ab347 e-con-full e-flex e-con e-child\" data-id=\"c4ab347\" data-element_type=\"container\" data-settings=\"{&quot;background_background&quot;:&quot;classic&quot;}\">\n\t\t\t\t<div class=\"elementor-element elementor-element-46b4117 elementor-align-center elementor-widget elementor-widget-button\" data-id=\"46b4117\" data-element_type=\"widget\" data-widget_type=\"button.default\">\n\t\t\t\t<div class=\"elementor-widget-container\">\n\t\t\t\t\t<div class=\"elementor-button-wrapper\">\n\t\t\t<a class=\"elementor-button elementor-button-link elementor-size-sm\" href=\"https:\/\/nascanna.com\/en\/mearchlar-english\/\">\n\t\t\t\t\t\t<span class=\"elementor-button-content-wrapper\">\n\t\t\t\t\t\t\t\t\t<span class=\"elementor-button-text\">Keyboard<\/span>\n\t\t\t\t\t<\/span>\n\t\t\t\t\t<\/a>\n\t\t<\/div>\n\t\t\t\t<\/div>\n\t\t\t\t<\/div>\n\t\t\t\t<div class=\"elementor-element elementor-element-6514e5c elementor-widget elementor-widget-image\" data-id=\"6514e5c\" data-element_type=\"widget\" data-widget_type=\"image.default\">\n\t\t\t\t<div class=\"elementor-widget-container\">\n\t\t\t\t\t\t\t\t\t\t\t\t\t\t<a href=\"https:\/\/nascanna.com\/en\/mearchlar\/\">\n\t\t\t\t\t\t\t<img decoding=\"async\" width=\"550\" height=\"197\" src=\"https:\/\/nascanna.com\/wp-content\/uploads\/2024\/06\/MC105U1.png\" class=\"attachment-large size-large wp-image-240\" alt=\"\" srcset=\"https:\/\/nascanna.com\/wp-content\/uploads\/2024\/06\/MC105U1.png 550w, https:\/\/nascanna.com\/wp-content\/uploads\/2024\/06\/MC105U1-300x107.png 300w\" sizes=\"(max-width: 550px) 100vw, 550px\" \/>\t\t\t\t\t\t\t\t<\/a>\n\t\t\t\t\t\t\t\t\t\t\t\t\t<\/div>\n\t\t\t\t<\/div>\n\t\t\t\t<div class=\"elementor-element elementor-element-6e5a7c9 elementor-widget elementor-widget-text-editor\" data-id=\"6e5a7c9\" data-element_type=\"widget\" data-widget_type=\"text-editor.default\">\n\t\t\t\t<div class=\"elementor-widget-container\">\n\t\t\t\t\t\t\t<p>One of the devices available from\u00a0<strong>D\u00farud<\/strong>\u00a0is the first computer keyboard ever created\u00a0<strong>for the Irish language itself<\/strong>, which has separate buttons for accented vowels, making writing Irish much more convenient. Say goodbye to\u00a0<b><em>AltGr<\/em><\/b><strong>\u00a0<\/strong>and all the finger gymnastics that goes with it!<\/p>\t\t\t\t\t\t<\/div>\n\t\t\t\t<\/div>\n\t\t\t\t<\/div>\n\t\t\t\t<\/div>\n\t\t\t\t<\/div>","protected":false},"excerpt":{"rendered":"<p>English Aonad gn\u00f3 de chuid D\u00farud Teoranta is ea nascanna.com agus \u00e9 mar sprioc aige an Ghaeilge a chur chun [&hellip;]<\/p>","protected":false},"author":1,"featured_media":0,"parent":0,"menu_order":0,"comment_status":"closed","ping_status":"closed","template":"","meta":{"site-sidebar-layout":"no-sidebar","site-content-layout":"","ast-site-content-layout":"full-width-container","site-content-style":"default","site-sidebar-style":"default","ast-global-header-display":"disabled","ast-banner-title-visibility":"","ast-main-header-display":"","ast-hfb-above-header-display":"","ast-hfb-below-header-display":"","ast-hfb-mobile-header-display":"","site-post-title":"disabled","ast-breadcrumbs-content":"","ast-featured-img":"disabled","footer-sml-layout":"","theme-transparent-header-meta":"","adv-header-id-meta":"","stick-header-meta":"","header-above-stick-meta":"","header-main-stick-meta":"","header-below-stick-meta":"","astra-migrate-meta-layouts":"default","ast-page-background-enabled":"default","ast-page-background-meta":{"desktop":{"background-color":"var(--ast-global-color-4)","background-image":"","background-repeat":"repeat","background-position":"center center","background-size":"auto","background-attachment":"scroll","background-type":"","background-media":"","overlay-type":"","overlay-color":"","overlay-opacity":"","overlay-gradient":""},"tablet":{"background-color":"","background-image":"","background-repeat":"repeat","background-position":"center center","background-size":"auto","background-attachment":"scroll","background-type":"","background-media":"","overlay-type":"","overlay-color":"","overlay-opacity":"","overlay-gradient":""},"mobile":{"background-color":"","background-image":"","background-repeat":"repeat","background-position":"center center","background-size":"auto","background-attachment":"scroll","background-type":"","background-media":"","overlay-type":"","overlay-color":"","overlay-opacity":"","overlay-gradient":""}},"ast-content-background-meta":{"desktop":{"background-color":"var(--ast-global-color-5)","background-image":"","background-repeat":"repeat","background-position":"center center","background-size":"auto","background-attachment":"scroll","background-type":"","background-media":"","overlay-type":"","overlay-color":"","overlay-opacity":"","overlay-gradient":""},"tablet":{"background-color":"var(--ast-global-color-5)","background-image":"","background-repeat":"repeat","background-position":"center center","background-size":"auto","background-attachment":"scroll","background-type":"","background-media":"","overlay-type":"","overlay-color":"","overlay-opacity":"","overlay-gradient":""},"mobile":{"background-color":"var(--ast-global-color-5)","background-image":"","background-repeat":"repeat","background-position":"center center","background-size":"auto","background-attachment":"scroll","background-type":"","background-media":"","overlay-type":"","overlay-color":"","overlay-opacity":"","overlay-gradient":""}},"footnotes":""},"yoast_head":"<!-- This site is optimized with the Yoast SEO plugin v23.0 - https:\/\/yoast.com\/wordpress\/plugins\/seo\/ -->\n<title>Home - English - nascanna<\/title>\n<meta name=\"robots\" content=\"index, follow, max-snippet:-1, max-image-preview:large, max-video-preview:-1\" \/>\n<link rel=\"canonical\" href=\"https:\/\/nascanna.com\/en\/home-english\/\" \/>\n<meta property=\"og:locale\" content=\"en_US\" \/>\n<meta property=\"og:type\" content=\"article\" \/>\n<meta property=\"og:title\" content=\"Home - English - nascanna\" \/>\n<meta property=\"og:description\" content=\"English Aonad gn\u00f3 de chuid D\u00farud Teoranta is ea nascanna.com agus \u00e9 mar sprioc aige an Ghaeilge a chur chun [&hellip;]\" \/>\n<meta property=\"og:url\" content=\"https:\/\/nascanna.com\/en\/home-english\/\" \/>\n<meta property=\"og:site_name\" content=\"nascanna\" \/>\n<meta property=\"article:modified_time\" content=\"2024-06-17T09:33:04+00:00\" \/>\n<meta property=\"og:image\" content=\"https:\/\/nascanna.com\/wp-content\/uploads\/2024\/05\/0-removebg-preview.png\" \/>\n<meta name=\"twitter:card\" content=\"summary_large_image\" \/>\n<meta name=\"twitter:label1\" content=\"Est. reading time\" \/>\n\t<meta name=\"twitter:data1\" content=\"1 minute\" \/>\n<script type=\"application\/ld+json\" class=\"yoast-schema-graph\">{\"@context\":\"https:\/\/schema.org\",\"@graph\":[{\"@type\":\"WebPage\",\"@id\":\"https:\/\/nascanna.com\/home-english\/\",\"url\":\"https:\/\/nascanna.com\/home-english\/\",\"name\":\"Home - English - nascanna\",\"isPartOf\":{\"@id\":\"https:\/\/nascanna.com\/#website\"},\"primaryImageOfPage\":{\"@id\":\"https:\/\/nascanna.com\/home-english\/#primaryimage\"},\"image\":{\"@id\":\"https:\/\/nascanna.com\/home-english\/#primaryimage\"},\"thumbnailUrl\":\"https:\/\/nascanna.com\/wp-content\/uploads\/2024\/05\/0-removebg-preview.png\",\"datePublished\":\"2024-06-17T05:44:08+00:00\",\"dateModified\":\"2024-06-17T09:33:04+00:00\",\"breadcrumb\":{\"@id\":\"https:\/\/nascanna.com\/home-english\/#breadcrumb\"},\"inLanguage\":\"en-US\",\"potentialAction\":[{\"@type\":\"ReadAction\",\"target\":[\"https:\/\/nascanna.com\/home-english\/\"]}]},{\"@type\":\"ImageObject\",\"inLanguage\":\"en-US\",\"@id\":\"https:\/\/nascanna.com\/home-english\/#primaryimage\",\"url\":\"https:\/\/nascanna.com\/wp-content\/uploads\/2024\/05\/0-removebg-preview.png\",\"contentUrl\":\"https:\/\/nascanna.com\/wp-content\/uploads\/2024\/05\/0-removebg-preview.png\"},{\"@type\":\"BreadcrumbList\",\"@id\":\"https:\/\/nascanna.com\/home-english\/#breadcrumb\",\"itemListElement\":[{\"@type\":\"ListItem\",\"position\":1,\"name\":\"Home\",\"item\":\"https:\/\/nascanna.com\/\"},{\"@type\":\"ListItem\",\"position\":2,\"name\":\"Home &#8211; English\"}]},{\"@type\":\"WebSite\",\"@id\":\"https:\/\/nascanna.com\/#website\",\"url\":\"https:\/\/nascanna.com\/\",\"name\":\"nascanna\",\"description\":\"\",\"publisher\":{\"@id\":\"https:\/\/nascanna.com\/#organization\"},\"potentialAction\":[{\"@type\":\"SearchAction\",\"target\":{\"@type\":\"EntryPoint\",\"urlTemplate\":\"https:\/\/nascanna.com\/?s={search_term_string}\"},\"query-input\":\"required name=search_term_string\"}],\"inLanguage\":\"en-US\"},{\"@type\":\"Organization\",\"@id\":\"https:\/\/nascanna.com\/#organization\",\"name\":\"nascanna\",\"url\":\"https:\/\/nascanna.com\/\",\"logo\":{\"@type\":\"ImageObject\",\"inLanguage\":\"en-US\",\"@id\":\"https:\/\/nascanna.com\/#\/schema\/logo\/image\/\",\"url\":\"https:\/\/nascanna.com\/wp-content\/uploads\/2024\/05\/Nascanna-Logo_N.jpg\",\"contentUrl\":\"https:\/\/nascanna.com\/wp-content\/uploads\/2024\/05\/Nascanna-Logo_N.jpg\",\"width\":182,\"height\":175,\"caption\":\"nascanna\"},\"image\":{\"@id\":\"https:\/\/nascanna.com\/#\/schema\/logo\/image\/\"}}]}<\/script>\n<!-- \/ Yoast SEO plugin. -->","yoast_head_json":{"title":"Home - English - nascanna","robots":{"index":"index","follow":"follow","max-snippet":"max-snippet:-1","max-image-preview":"max-image-preview:large","max-video-preview":"max-video-preview:-1"},"canonical":"https:\/\/nascanna.com\/en\/home-english\/","og_locale":"en_US","og_type":"article","og_title":"Home - English - nascanna","og_description":"English Aonad gn\u00f3 de chuid D\u00farud Teoranta is ea nascanna.com agus \u00e9 mar sprioc aige an Ghaeilge a chur chun [&hellip;]","og_url":"https:\/\/nascanna.com\/en\/home-english\/","og_site_name":"nascanna","article_modified_time":"2024-06-17T09:33:04+00:00","og_image":[{"url":"https:\/\/nascanna.com\/wp-content\/uploads\/2024\/05\/0-removebg-preview.png"}],"twitter_card":"summary_large_image","twitter_misc":{"Est. reading time":"1 minute"},"schema":{"@context":"https:\/\/schema.org","@graph":[{"@type":"WebPage","@id":"https:\/\/nascanna.com\/home-english\/","url":"https:\/\/nascanna.com\/home-english\/","name":"Home - English - nascanna","isPartOf":{"@id":"https:\/\/nascanna.com\/#website"},"primaryImageOfPage":{"@id":"https:\/\/nascanna.com\/home-english\/#primaryimage"},"image":{"@id":"https:\/\/nascanna.com\/home-english\/#primaryimage"},"thumbnailUrl":"https:\/\/nascanna.com\/wp-content\/uploads\/2024\/05\/0-removebg-preview.png","datePublished":"2024-06-17T05:44:08+00:00","dateModified":"2024-06-17T09:33:04+00:00","breadcrumb":{"@id":"https:\/\/nascanna.com\/home-english\/#breadcrumb"},"inLanguage":"en-US","potentialAction":[{"@type":"ReadAction","target":["https:\/\/nascanna.com\/home-english\/"]}]},{"@type":"ImageObject","inLanguage":"en-US","@id":"https:\/\/nascanna.com\/home-english\/#primaryimage","url":"https:\/\/nascanna.com\/wp-content\/uploads\/2024\/05\/0-removebg-preview.png","contentUrl":"https:\/\/nascanna.com\/wp-content\/uploads\/2024\/05\/0-removebg-preview.png"},{"@type":"BreadcrumbList","@id":"https:\/\/nascanna.com\/home-english\/#breadcrumb","itemListElement":[{"@type":"ListItem","position":1,"name":"Home","item":"https:\/\/nascanna.com\/"},{"@type":"ListItem","position":2,"name":"Home &#8211; English"}]},{"@type":"WebSite","@id":"https:\/\/nascanna.com\/#website","url":"https:\/\/nascanna.com\/","name":"nascanna","description":"","publisher":{"@id":"https:\/\/nascanna.com\/#organization"},"potentialAction":[{"@type":"SearchAction","target":{"@type":"EntryPoint","urlTemplate":"https:\/\/nascanna.com\/?s={search_term_string}"},"query-input":"required name=search_term_string"}],"inLanguage":"en-US"},{"@type":"Organization","@id":"https:\/\/nascanna.com\/#organization","name":"nascanna","url":"https:\/\/nascanna.com\/","logo":{"@type":"ImageObject","inLanguage":"en-US","@id":"https:\/\/nascanna.com\/#\/schema\/logo\/image\/","url":"https:\/\/nascanna.com\/wp-content\/uploads\/2024\/05\/Nascanna-Logo_N.jpg","contentUrl":"https:\/\/nascanna.com\/wp-content\/uploads\/2024\/05\/Nascanna-Logo_N.jpg","width":182,"height":175,"caption":"nascanna"},"image":{"@id":"https:\/\/nascanna.com\/#\/schema\/logo\/image\/"}}]}},"_links":{"self":[{"href":"https:\/\/nascanna.com\/en\/wp-json\/wp\/v2\/pages\/246"}],"collection":[{"href":"https:\/\/nascanna.com\/en\/wp-json\/wp\/v2\/pages"}],"about":[{"href":"https:\/\/nascanna.com\/en\/wp-json\/wp\/v2\/types\/page"}],"author":[{"embeddable":true,"href":"https:\/\/nascanna.com\/en\/wp-json\/wp\/v2\/users\/1"}],"replies":[{"embeddable":true,"href":"https:\/\/nascanna.com\/en\/wp-json\/wp\/v2\/comments?post=246"}],"version-history":[{"count":19,"href":"https:\/\/nascanna.com\/en\/wp-json\/wp\/v2\/pages\/246\/revisions"}],"predecessor-version":[{"id":301,"href":"https:\/\/nascanna.com\/en\/wp-json\/wp\/v2\/pages\/246\/revisions\/301"}],"wp:attachment":[{"href":"https:\/\/nascanna.com\/en\/wp-json\/wp\/v2\/media?parent=246"}],"curies":[{"name":"wp","href":"https:\/\/api.w.org\/{rel}","templated":true}]}}